{"id":359,"date":"2022-11-12T15:07:22","date_gmt":"2022-11-12T13:07:22","guid":{"rendered":"https:\/\/julia-pieper.de\/?page_id=359"},"modified":"2023-04-04T18:37:30","modified_gmt":"2023-04-04T16:37:30","slug":"datenschutzerklaerung","status":"publish","type":"page","link":"https:\/\/julia-pieper.de\/?page_id=359","title":{"rendered":"Datenschutzerkl\u00e4rung"},"content":{"rendered":"<div\nclass=\"\n\t\tflo-block\n\t\tflo-block-text flo-block-text--align-left\" style=\"\n\t\t--block-width:100%;\n    --top-margin: 0px;\n    --bottom-margin: 0px;\n    --mobile-top-margin: 0px;\n    --mobile-bottom-margin: 0px;\n    --elements-color: var(--scheme_1--text--default);\n    --pre-title-color: var(--scheme_1--overline--default);\n                    \" >\n\t\t<div class=\"flo-block-text--wrap\">\n                <h2 class=\"flo-block-text__title\" data-font=\"title_1\/large\"><strong>Datenschutzerkl\u00e4rung f\u00fcr die Webseite<\/strong><br>www.Julia-pieper.de<\/h2>\n                    <div class=\"flo-block-text__text-wrapper\">\n            <div class=\"flo-block-text__text\" data-font=\"second_level\/paragraph\">\n                WARUM GIBT ES DIESE DATENSCHUTZERKL\u00c4RUNG?<br>\u00a0<br>Herzlich Willkommen auf meiner Webseite! Hier findest du alle Informationen zu meiner T\u00e4tigkeit als Fotografin und zu meinen Leistungen. Schau dich gerne um, schreib mir eine Nachricht \u00fcber das Kontaktformular oder schick mir eine E-Mail.<br>\u00a0<br>Beim Besuch auf meiner Webseite werden verschiedene personenbezogene Daten verarbeitet. Ein f\u00fcr mich geltendes Gesetz \u2013 die Datenschutz-Grundverordnung oder kurz DSGVO \u2013 enth\u00e4lt dazu bestimmte Vorgaben. Dar\u00fcber hinaus gilt das sogenannte Telemedien-Telekommunikations-Datenschutz-Gesetz (TTDSG). Ich muss dich z.B. schon zum Zeitpunkt der Erhebung deiner personenbezogenen Daten \u00fcber bestimmte Dinge informieren. Und genau darum geht es in dieser Datenschutzerkl\u00e4rung!<br>\u00a0<br>\u00a0<br>WAS SIND PERSONENBEZOGENE DATEN?<br>Beim Datenschutz dreht sich alles um personenbezogene Daten. Dazu geh\u00f6ren alle Informationen, die eine Person identifizieren oder identifizierbar machen. Es kommt dabei nicht darauf an, wer den Bezug herstellen kann. Es reicht, dass es m\u00f6glich ist. Unter den Begriff fallen Name, Adresse, Beruf, E-Mail-Adresse, Gesundheitszustand, Einkommen, Familienstand, Telefonnummer und Nutzungsdaten wie die IP-Adresse. Du siehst also, dass eigentlich fast alle Daten personenbezogen sein k\u00f6nnen \u2013 selbst dann, wenn es nur technische Angaben sind.<br>\u00a0<br>\u00a0<br>WANN SPRICHT MAN VON EINER VERARBEITUNG?<br>Mit personenbezogenen Daten kann man sehr viel machen. Gemeint ist alles vom Erheben bis zum L\u00f6schen. Man kann sie erfassen, organisieren, ordnen, speichern, anpassen, ver\u00e4ndern, auslesen, abfragen, verwenden, offenlegen, \u00fcbermitteln oder bereitstellen. Eine Verarbeitung findet also eigentlich immer statt.<br>\u00a0<br>Wer ist verantwortlich f\u00fcr die Datenverarbeitung auf der Webseite?<br>Verantwortliche im Sinne der datenschutzrechtlichen Bestimmungen ist Julia Pieper, Hasenweg 15 25365 Sparrieshoop, Hallo@julia-pieper.de. Einen Datenschutzbeauftragten muss ich nicht benennen. Du kannst dich aber gerne jederzeit an mich direkt wenden, wenn du Fragen zur Verarbeitung deiner personenbezogenen Daten hast an meine E-Mail-Adresse Hallo@julia-pieper.de.<br>\u00a0<br>\u00a0<br>WELCHE DATEN WERDEN BEIM SURFEN AUF DER WEBSEITE VERARBEITET?<br>Allein schon, wenn du die Webseite aufrufst, sendet dein Computer Daten. Nur so kann eine Verbindung mit deinem Ger\u00e4t hergestellt werden. Bei diesem Vorgang werden folgende (personenbezogene) Daten verarbeitet: Datum und Uhrzeit des Aufrufs der Webseite, Name der aufgerufenen Unterseite, anonymisierte IP-Adresse, Referrer-URL (Herkunfts-URL), verwendetes Betriebssystem, Hostname des zugreifenden Rechners sowie Produkt- und Versionsinformationen deines Browsers. Die stattfindende Datenverarbeitung ist auf Basis des berechtigten Interesses gesetzlich erlaubt (Art. 6 Abs. 1 f) DSGVO). Ich m\u00f6chte mich als Fotografin pr\u00e4sentieren und meine Bilder zeigen. Hierf\u00fcr ist eine eigene Webseite notwendig \u2013 denn Kunden suchen heute nur noch im Internet nach Dienstleistungen. Die Verarbeitung der genannten Daten erfolgt automatisch beim Aufruf der Webseite und ist hierf\u00fcr auch erforderlich. Die Nutzungsdaten werden nach 60 Tagen gel\u00f6scht.<br>\u00a0<br>\u00a0<br>WIR VERWENDEN COOKIES<br>Die Internetseiten verwenden an mehreren Stellen sogenannte Cookies. Sie dienen dazu, mein Angebot nutzerfreundlicher, effektiver und sicherer zu machen. Ein Cookie ist eine Textinformation, die meine Webseite \u00fcber den Webbrowser auf dem von dir benutzten Endger\u00e4t platziert. Die meisten der von mir verwendeten Cookies sind sogenannte \u201cSession-Cookies\u201d. Sie werden nach Ende deines Besuchs automatisch gel\u00f6scht.<br>\u00a0<br>Rechtsgrundlage ist Art. 6 Abs. 1 lit. f) DSGVO. Mein berechtigtes Interesse ergibt sich daraus, dass wir mit den vorgenannten Cookies lediglich die Abrufbarkeit der Seite f\u00fcr dich erleichtern, keinerlei Tracking-Daten dabei erhebe und somit kein Eingriff in deine Pers\u00f6nlichkeitsrechte und Grundfreiheiten erfolgt.<br>Du kannst in deinem Webbrowser die Annahme von Cookies ausschlie\u00dfen. Dies kann aber u.U. zu Beeintr\u00e4chtigungen in der Funktionalit\u00e4t f\u00fchren. Diese Cookies sind lediglich f\u00fcr die Dauer Ihrer Browsersitzung g\u00fcltig und werden mit Beendigung des Besuchs unserer Seite gel\u00f6scht.<br>\u00a0<br>Ich verwende Cookies folgender Drittanbieter:<br>\u00a0<br>Cookie Consent Tool von Real Cookie Banner<br>Zur Einholung deiner Zustimmung verwende ich Real Cookie Banner (https:\/\/devowl.io\/de\/wordpress-real-cookie-banner\/), ein Produkt der devowl.io GmbH, Tannet 12, 94539 Grafling, Deutschland. Sofern du deine Einwilligung abgibst, werden durch Real Cookie Banner die folgenden Daten automatisch beim Betreiber protokolliert (<a href=\"https:\/\/devowl.io\/de\/datenschutzerklaerung\/\">https:\/\/devowl.io\/de\/datenschutzerklaerung\/<\/a>):<br>\u00a0<br>\u2022\u00a0\u00a0\u00a0\u00a0\u00a0\u00a0\u00a0\u00a0\u00a0\u00a0 Die IP-Nummer des Endnutzers in anonymisierter Form (die letzten Ziffern werden auf \u201a0\u2019 gesetzt).<br>\u2022\u00a0\u00a0\u00a0\u00a0\u00a0\u00a0\u00a0\u00a0\u00a0\u00a0 Datum und Uhrzeit der Zustimmung.<br>\u2022\u00a0\u00a0\u00a0\u00a0\u00a0\u00a0\u00a0\u00a0\u00a0\u00a0 Benutzeragent des Browsers des Endnutzers.<br>\u2022\u00a0\u00a0\u00a0\u00a0\u00a0\u00a0\u00a0\u00a0\u00a0\u00a0 Die URL, von der die Zustimmung gesendet wurde.<br>\u2022\u00a0\u00a0\u00a0\u00a0\u00a0\u00a0\u00a0\u00a0\u00a0\u00a0 Ein anonymer, zuf\u00e4lliger und verschl\u00fcsselter Key.<br>\u2022\u00a0\u00a0\u00a0\u00a0\u00a0\u00a0\u00a0\u00a0\u00a0\u00a0 Der Einwilligungsstatus des Endnutzers, der als Nachweis der Zustimmung dient.<br>\u00a0<br>Die gespeicherten Daten dienen dazu sicherzustellen, dass Webanalysedienste nur mit deiner Zustimmung Daten sammeln und um diese Zustimmung zu dokumentieren und zum Erstellen und Anzeigen von Cookie-Erkl\u00e4rungen f\u00fcr Endnutzer.<br>\u00a0<br>Der Schl\u00fcssel und der Zustimmungsstatus werden auch im Browser des Endnutzers im Cookie \u201eus_cookie_notice_accepted\u201c gespeichert, sodass die Website die Zustimmung des Endbenutzers bei allen nachfolgenden Seitenanfragen und zuk\u00fcnftigen Endnutzer-Sitzungen f\u00fcr bis zu 12 Monate automatisch lesen und befolgen kann.<br>\u00a0<br>Rechtsgrundlage f\u00fcr die Verarbeitung Ihrer Daten ist Art. 6 Abs. 1 lit. c) und f) DSGVO, weil ich gesetzlich verpflichtet bin eine Einwilligung nachweisen zu k\u00f6nnen und mein berechtigtes Interesse ergibt sich daraus, dass ich nur auf diesem Weg eine notwendige Einwilligung einholen k\u00f6nnen.<br>\u00a0<br>\u00a0<br>WAS PASSIERT BEI EINER KONTAKTAUFNAHME?<br>Ich habe ein Kontaktformular in die Webseite eingebunden, damit du deine Nachricht direkt in ein Feld schreiben und an mich versenden kannst. Bitte trage hierf\u00fcr die abgefragten Angaben (z.B. E- Mail-Adresse, Telefonnummer) ein. Du kannst mir aber auch direkt eine E-Mail schreiben. Die Adresse findest du an mehreren Stellen auf der Webseite.<br>Sollte sich aus der Anfrage im Wege der Vertragsanbahnung ein Vertragsverh\u00e4ltnis entwickeln oder bezieht sich die Anfrage auf ein bestehendes Vertragsverh\u00e4ltnis ist die Rechtsgrundlage Art. 6 Abs. 1 lit. b) DSGVO, da die Speicherung der Daten f\u00fcr die Erf\u00fcllung einer vorvertraglichen bzw. vertraglichen Verpflichtung notwendig ist. Weiter habe ich auch ein berechtigtes Interesse gem\u00e4\u00df Art. 6 Abs. 1 lit. f) DSGVO an der Verarbeitung der Daten zum Zwecke der Kommunikation und Beantwortung der Anfragen. Ich darf die Informationen aus deiner Kontaktanfrage also verwenden, um mich mit dir in Verbindung zu setzen und dir ein Angebot zu schicken. Die von dir mitgeteilten Informationen (insbesondere Name und E-Mail-Adresse) sind erforderlich, damit ich deine Anfrage beantworten kann und wir einen Vertrag schlie\u00dfen k\u00f6nnen.<br>\u00a0<br>Die L\u00f6schung der Daten erfolgt, wenn der Zweck der Speicherung entfallen ist, also nach Beantwortung deiner E-Mail-\/Kontaktformular-Anfrage bzw. wenn die mit der Anfrage verbundene Angelegenheit abschlie\u00dfend gekl\u00e4rt ist. Bei einer bestehenden oder sich aus der Anfrage anschlie\u00dfenden Vertragsbeziehung erfolgt die L\u00f6schung nach Ablauf der gesetzlichen Aufbewahrungsfristen.<br>\u00a0<br>\u00a0<br>WIE FUNKTIONIERT DAS MIT DER KONTAKTAUFNAHME \u00dcBER WHATSAPP?<br>Ich habe mich dazu entschieden, eine Kontaktaufnahme \u00fcber den Messenger-Dienst WhatsApp zu erm\u00f6glichen. Auf der Webseite ist daher ein QR-Code eingebunden, \u00fcber den du dich direkt mit mir in Verbindung setzen kannst. Du kannst den Code mit dem Mobiltelefon abscannen und direkt an meine Mobilfunknummer schreiben. Dabei findet eine Synchronisation deiner Daten mit einem Server von WhatsApp statt.<br>\u00a0<br>Der Messenger-Dienst wird von der WhatsApp Ireland Ltd., 4 Grand Canal Square, Grand Canal Harbour, Dublin 2, Irland angeboten. Dies gilt jedenfalls dann, wenn sich der Nutzer in der Europ\u00e4ischen Union befindet. Verantwortlicher Anbieter ist die Meta Platforms, Inc 1 Hacker Way, Menlo Park, California 94025 USA. Daher ist es nicht ausgeschlossen, dass bei der Verwendung von WhatsApp eine \u00dcbermittlung von personenbezogenen Daten in die USA stattfindet. Die USA sind in Bezug auf den Datenschutz ein unsicheres Drittland. Es gibt im Fall der Nutzung von WhatsApp auch keine geeigneten Garantien zum Datenschutz. Mit der Nutzung gehen daher folgende Risiken einher: Personenbezogene Daten k\u00f6nnten m\u00f6glicherweise \u00fcber den eigentlichen Zweck hinaus an andere weitergegeben oder von diesen eingesehen werden.<br>Es besteht die h\u00f6here Wahrscheinlichkeit einer nicht korrekten Datenverarbeitung, da die technischen und organisatorischen Ma\u00dfnahmen zum Schutz personenbezogener Daten quantitativ und qualitativ nicht vollumf\u00e4nglich den Anforderungen der DS-GVO entsprechen Die Nutzung von WhatsApp, die dabei stattfindende Datenverarbeitung sowie \u00dcbermittlung von Daten in den USA basiert auf deiner Einwilligung (Art. 6 Abs. 1 a) und Art. 49 Abs. 1 a) DS-GVO). Diese erteilst du mit Abscannen des Codes und Schreiben deiner Nachricht an mich. Den entstehenden Chat speichere ich f\u00fcr die Dauer unserer Zusammenarbeit. Wenn du mich nicht beauftragst, l\u00f6sche ich deine Nachrichten und personenbezogenen Daten nat\u00fcrlich direkt.<br>\u00a0<br>Ich habe keinen Einfluss auf den Umfang der Datenverarbeitung durch den Anbieter des Messenger-Dienstes und kann dich hierbei nur auf dessen Datenschutzerkl\u00e4rung verweisen. Weitere Informationen zum Datenschutz bei Whatsapp erh\u00e4ltst du hier:<a href=\"https:\/\/www.whatsapp.com\/legal\/\"> https:\/\/www.whatsapp.com\/legal\/<\/a><br>\u00a0<br>WIE FUNKTIONIERT DER GOOGLE TAG MANAGER?<br>Ich nutze auf meiner Webseite den Google Tag Manager. Mit diesem kann ich Code- Abschnitte von verschiedenen Tools einbauen und zentral \u00fcber eine Benutzeroberfl\u00e4che verwalten. Mit dem Google Tag Manager k\u00f6nnen neben Google-Produkten auch Tools anderer Anbieter verwaltet werden \u2013 daher ist er sehr praktisch. Der Google Tag Manager l\u00f6st andere Tags aus, die wiederum ggf. Daten erfassen. Jedoch greift der Google Tag Manager nicht auf diese Daten zu. Wurde auf Domain- oder Cookie-Ebene eine Deaktivierung vorgenommen, so bleibt sie f\u00fcr alle Tracking-Tags bestehen, insofern diese mit dem Google Tag Manager implementiert werden.<br>\u00a0<br>Rechtsgrundlage f\u00fcr die Erhebung und Speicherung der Daten ist Art. 6 Abs. 1 S. 1 lit. a) DSGVO. Ich selbst speichere keine personenbezogenen Daten.<br>Die durch die Cookies erzeugten Informationen \u00fcber deine Benutzung dieser Website werden in der Regel an einen Server der Google LLC in den USA \u00fcbertragen und dort gespeichert. Aufgrund der aktivierten IP-Anonymisierung auf dieser Webseite, wird deine IP-Adresse von Google jedoch innerhalb von Mitgliedstaaten der Europ\u00e4ischen Union oder in anderen Vertragsstaaten des Abkommens \u00fcber den Europ\u00e4ischen Wirtschaftsraum zuvor gek\u00fcrzt. Nur in Ausnahmef\u00e4llen wird die volle IP-Adresse an einen Server von Google in den USA \u00fcbertragen und dort gek\u00fcrzt. Im Auftrag des Betreibers dieser Website wird Google diese Informationen benutzen, um deine Nutzung der Website auszuwerten, um Reports \u00fcber die Websiteaktivit\u00e4ten zusammenzustellen und um weitere mit der Websitenutzung und der Internetnutzung verbundene Dienstleistungen gegen\u00fcber dem Websitebetreiber zu erbringen. Die im Rahmen von Google Analytics von deinem Browser \u00fcbermittelte IP-Adresse wird nicht mit anderen Daten von Google zusammengef\u00fchrt.<br>\u00a0<br>Ich habe mit Google EU-Standarddatenschutzklauseln geschlossen, mit welcher mir Google die Einhaltung angemessener und geeigneter technischer und organisatorischer Ma\u00dfnahmen zum Schutz deiner personenbezogenen Daten nachweist.<br>\u00a0<br>WO WIRD DIE WEBSEITE GEHOSTET UND WER HAT ZUGRIFF?<br>Meine Webseite wird in einem Rechenzentrum gehostet. Dieses geh\u00f6rt der webhoster.de AG, Zum Haunert 22, 59519 M\u00f6hnesee, Deutschland. Ich habe mit dem Betreiber des Rechenzentrums einen Vertrag zur Auftragsverarbeitung geschlossen und diesen zur Einhaltung bestimmter Datenschutzvorgaben verpflichtet.<br>\u00a0<br>Ansonsten habe grunds\u00e4tzlich nur ich Zugriff auf die \u00fcber die Webseite verarbeiteten personenbezogenen Daten und eingehenden Anfragen. Falls wir einen Vertrag schlie\u00dfen und steuerrechtlich relevante Dokumente entstehen, ist eine Kenntnisnahme durch andere Personen aber nicht ausgeschlossen. Hierbei kann es sich insbesondere um einen Steuerberater oder Rechtsanwalt handeln.<br>\u00a0<br>MEINE INSTAGRAM SEITE<br>Zum Zwecke des Austausches mit dir sowie zum Zwecke der Bewerbung neuer Dienstleistungen wie auch zur allgemeinen Information \u00fcber mein Unternehmen, betreibe ich eine Seite auf der Plattform \u201eInstagram\u201c. Dieser Dienst wird auf der technischen Plattform und mittels der Dienste der Meta Platforms, Inc 1 Hacker Way, Menlo Park, California 94025 USA (im Folgenden \u201eInstagram\u201c) angeboten.<br>\u00a0<br>Verantwortlich f\u00fcr die Datenverarbeitung von au\u00dferhalb der Vereinigten Staaten lebenden Personen ist Meta Platforms Ireland Limited, 4 Grand Canal Square, Dublin 2, Ireland.<br>Wenn du die Seite \u00fcber unsere Webseite \u00fcber das Instagram-Symbol aufrufst und gleichzeitig in deinem Instagram-Account eingeloggt bist, kann Instagram den Besuch unserer Website deinem Instagram-Account unmittelbar zuordnen.<br>\u00a0<br>Wenn du nicht m\u00f6chtest, dass Instagram deine Daten deinem Konto zuordnet, musst du dich vor deinem Besuch meiner Website bei Instagram ausloggen.<br>Wenn du auf interaktive Funktionen der Seite zugreifst (Liken, Kommentieren, Teilen, Nachrichten etc.), erscheint eine Instagram Anmeldemaske. Nach einer etwaigen Anmeldung bist du f\u00fcr Instagram erneut als bestimmte\/r Nutzerin\/Nutzer erkennbar. Informationen dazu, wie du \u00fcber vorhandene Informationen verwalten oder l\u00f6schen kannst, findest du in der Datenrichtlinie von Instagram unter https:\/\/help.instagram.com\/519522125107875\/?maybe_redirect_pol=0.<br>Ich als Betreiberin meiner Instagram-Seite erhebe und verarbeite dar\u00fcber hinaus keine Daten. Weitere Informationen zu Instagram und anderen Sozialen Netzen und wie du deine Daten im Rahmen der Privateinstellungen sch\u00fctzen kannst, findest du bspw. auf youngdata.de.<br>\u00a0<br>Rechtsgrundlage f\u00fcr die Nutzung der Instagram-Fanpage ist Art. 6 Abs. 1 lit. f) DSGVO. Mein berechtigtes Interesse ist damit begr\u00fcndet, dass ich den Kunden \u00fcber diesen Social-Media-Dienst einen direkten Austausch, auch f\u00fcr Beschwerden, mit meinem Unternehmen erm\u00f6gliche. Die eingebetteten Bilder von Instagram werden auf Grundlage deiner ausdr\u00fccklichen Einwilligung gem\u00e4\u00df Art. 6 Abs. 1 S. 1 lit. a) DSGVO eingeblendet.<br>WELCHE RECHTE HAST DU?<br>Wenn es um Datenschutz geht, hast du ziemlich viele Rechte. In der DS-GVO gibt es einige Artikel, die sich nur damit besch\u00e4ftigen. Hier hast du einen \u00dcberblick \u00fcber deine Rechte:<br>\u00a0<br>a. Widerspruchsrecht<br>Verarbeiten wir deine Daten zur Wahrung berechtigter Interessen (Art. 6 Abs. 1 lit. f) DSGVO), kannst du dieser Verarbeitung aus Gr\u00fcnden, die sich aus deiner besonderen Situation ergeben, widersprechen. Wir verarbeiten deine personenbezogenen Daten dann nicht mehr, es sei denn, wir k\u00f6nnen zwingende schutzw\u00fcrdige Gr\u00fcnde f\u00fcr die Verarbeitung nachweisen, die deine Interessen, Rechte und Freiheiten \u00fcberwiegen oder die Verarbeitung dient der Geltendmachung, Aus\u00fcbung oder Verteidigung von Rechtsanspr\u00fcchen.<br>Im Falle des Widerspruchs gegen eine Datenverarbeitung zum Zwecke der Direktwerbung erfolgt eine Verarbeitung zu diesem Zwecke nicht mehr.<br>\u00a0<br>b. Auskunftsrecht<br>Du hast das Recht, von uns eine Best\u00e4tigung dar\u00fcber zu verlangen, ob wir Sie betreffende personenbezogene Daten verarbeiten und, wenn ja, ein Recht auf Auskunft \u00fcber die personenbezogenen Daten und damit zusammenh\u00e4ngende Informationen nach Ma\u00dfgabe des<a href=\"https:\/\/dejure.org\/gesetze\/DSGVO\/15.html\"> Art. 15 DSGVO<\/a>.<br>\u00a0<br>c. Recht auf Berichtigung<br>Du hast das Recht, von uns gem\u00e4\u00df<a href=\"https:\/\/dejure.org\/gesetze\/DSGVO\/16.html\"> Art. 16 DSGVO<\/a> unverz\u00fcglich die Berichtigung bzw. Vervollst\u00e4ndigung Sie betreffender unrichtiger oder unvollst\u00e4ndiger personenbezogener Daten zu verlangen.<br>\u00a0<br>d. Recht auf L\u00f6schung<br>Du hast das Recht, von uns die unverz\u00fcgliche L\u00f6schung Sie betreffender personenbezogener Daten zu verlangen und wir sind zu deren unverz\u00fcglicher L\u00f6schung verpflichtet, wenn einer der in<a href=\"https:\/\/dejure.org\/gesetze\/DSGVO\/17.html\"> Art. 17 DSGVO<\/a> genannten Gr\u00fcnde zutrifft.<br>\u00a0<br>e. Recht auf Einschr\u00e4nkung der Verarbeitung<br>Du hast das Recht, von uns die Einschr\u00e4nkung Sie betreffender personenbezogener Daten zu verlangen, wenn eine der in<a href=\"https:\/\/dejure.org\/gesetze\/DSGVO\/18.html\"> Art. 18 DSGVO<\/a> genannten Voraussetzungen gegeben ist.<br>\u00a0<br>f. Recht auf Daten\u00fcbertragbarkeit<br>Du hast das Recht, die dich betreffenden personenbezogene Daten, die du uns bereitgestellt hast, in einem strukturierten, g\u00e4ngigen und maschinenlesbaren Format zu erhalten, und hast das Recht von uns die \u00dcbermittlung der Daten an einen anderen Verantwortlichen zu fordern, soweit dies technisch machbar ist.<br>\u00a0<br>\u00a0<br>Du hast das Recht, dich jederzeit bei einer Datenschutzaufsichtsbeh\u00f6rde zu beschweren.<br><br>Unabh\u00e4ngiges Landeszentrum f\u00fcr Datenschutz Schleswig-Holstein<br><br>Postfach 71 16<br>24171\u00a0Kiel<br>Telefon:\u00a00431 988-1200\u00a0<br>Fax:\u00a00431 988-1223<br>E-Mail: <a href=\"mailto:mail@datenschutzzentrum.de\">mail@datenschutzzentrum.de<\/a>\u00a0<br><br>            <\/div>\n        <\/div>\n    \t<\/div>\n<\/div>\n","protected":false},"excerpt":{"rendered":"","protected":false},"author":1,"featured_media":0,"parent":0,"menu_order":0,"comment_status":"closed","ping_status":"closed","template":"","meta":[],"acf":[],"fbg_featured_image_src":{"full":false,"thumbnail":false,"medium":false,"medium_large":false,"large":false,"1536x1536":false,"2048x2048":false},"fbg_excerpt":null,"_links":{"self":[{"href":"https:\/\/julia-pieper.de\/index.php?rest_route=\/wp\/v2\/pages\/359"}],"collection":[{"href":"https:\/\/julia-pieper.de\/index.php?rest_route=\/wp\/v2\/pages"}],"about":[{"href":"https:\/\/julia-pieper.de\/index.php?rest_route=\/wp\/v2\/types\/page"}],"author":[{"embeddable":true,"href":"https:\/\/julia-pieper.de\/index.php?rest_route=\/wp\/v2\/users\/1"}],"replies":[{"embeddable":true,"href":"https:\/\/julia-pieper.de\/index.php?rest_route=%2Fwp%2Fv2%2Fcomments&post=359"}],"version-history":[{"count":7,"href":"https:\/\/julia-pieper.de\/index.php?rest_route=\/wp\/v2\/pages\/359\/revisions"}],"predecessor-version":[{"id":651,"href":"https:\/\/julia-pieper.de\/index.php?rest_route=\/wp\/v2\/pages\/359\/revisions\/651"}],"wp:attachment":[{"href":"https:\/\/julia-pieper.de\/index.php?rest_route=%2Fwp%2Fv2%2Fmedia&parent=359"}],"curies":[{"name":"wp","href":"https:\/\/api.w.org\/{rel}","templated":true}]}}